{"id":307,"date":"2025-08-05T20:44:47","date_gmt":"2025-08-05T18:44:47","guid":{"rendered":"https:\/\/www.yachtcity.it\/?page_id=307"},"modified":"2025-08-06T14:44:02","modified_gmt":"2025-08-06T12:44:02","slug":"yacht-city-community","status":"publish","type":"page","link":"https:\/\/www.yachtcity.it\/?page_id=307","title":{"rendered":"Yacht City Community"},"content":{"rendered":"\n<h3 class=\"wp-block-heading\"><strong><mark style=\"background-color:rgba(0, 0, 0, 0)\" class=\"has-inline-color has-secondary-color\">significa accedere a un ecosistema esclusivo di relazioni, competenze e opportunit\u00e0.<\/mark><\/strong><\/h3>\n\n\n\n<p class=\"has-text-align-center\">La nostra comunit\u00e0 \u00e8 composta da giovani talenti, professionisti affermati e figure di riferimento del panorama nautico internazionale. Un network dinamico e interdisciplinare, in cui architetti, designer, ingegneri e manager si incontrano per condividere esperienze, visioni e conoscenze.<\/p>\n\n\n\n<p class=\"has-text-align-center\">Essere <strong>Cittadini di Yacht City<\/strong> significa partecipare attivamente a un ambiente che promuove il confronto tra generazioni e culture differenti, attraverso eventi, incontri informali, conferenze e attivit\u00e0 formative. Uno spazio dove la crescita personale e professionale \u00e8 alimentata dalla contaminazione di idee e dal dialogo continuo tra industria e formazione.<\/p>\n\n\n\n<p class=\"has-text-align-center\">Unirsi alla nostra community vuol dire entrare in contatto con oltre 700 professionisti, accedere a contenuti esclusivi e costruire relazioni che possono trasformarsi in collaborazioni strategiche, opportunit\u00e0 lavorative e percorsi di sviluppo unici nel settore dello yachting.<\/p>\n\n\n\n<hr class=\"wp-block-separator has-alpha-channel-opacity\"\/>\n\n\n\n<div style=\"height:44px\" aria-hidden=\"true\" class=\"wp-block-spacer\"><\/div>\n\n\n\n<div class=\"wp-block-group alignfull has-global-padding is-layout-constrained wp-block-group-is-layout-constrained\" style=\"margin-top:0px\">\n<div class=\"wp-block-columns has-smaller-left-margin is-layout-flex wp-container-core-columns-is-layout-28f84493 wp-block-columns-is-layout-flex\">\n<div class=\"wp-block-column is-style-shadow has-background-background-color has-background is-layout-flow wp-container-core-column-is-layout-dba16a7e wp-block-column-is-layout-flow\" style=\"padding-top:0;padding-right:0;padding-bottom:0;padding-left:0\">\n<div class=\"wp-block-group has-background-color has-secondary-background-color has-text-color has-background is-layout-flow wp-block-group-is-layout-flow\" style=\"border-top-left-radius:20px;border-top-right-radius:20px;padding-top:20px;padding-right:30px;padding-bottom:20px;padding-left:30px\">\n<div style=\"height:20px\" aria-hidden=\"true\" class=\"wp-block-spacer\"><\/div>\n\n\n\n<h3 class=\"wp-block-heading has-text-align-center has-white-color has-text-color\" style=\"font-size:clamp(18.959px, 1.185rem + ((1vw - 3.2px) * 1.15), 30px);\">Cittadino <\/h3>\n\n\n\n<div style=\"height:20px\" aria-hidden=\"true\" class=\"wp-block-spacer\"><\/div>\n<\/div>\n\n\n\n<div class=\"wp-block-group is-layout-flow wp-container-core-group-is-layout-8a7de2ab wp-block-group-is-layout-flow\" style=\"border-style:none;border-width:0px;padding-top:40px;padding-right:40px;padding-bottom:40px;padding-left:40px\">\n<p class=\"has-text-align-center has-small-font-size\">Se sei un professionista della nautica e desideri accedere ai servizi e network di Yacht City.<\/p>\n\n\n\n<div class=\"wp-block-buttons is-horizontal is-content-justification-center is-layout-flex wp-container-core-buttons-is-layout-a27650bb wp-block-buttons-is-layout-flex\" style=\"margin-top:40px\">\n<div class=\"wp-block-button\"><a class=\"wp-block-button__link wp-element-button\" href=\"https:\/\/www.yachtcity.it\/?page_id=202\" style=\"border-radius:5px\">Scopri le attivit\u00e0 <\/a><\/div>\n<\/div>\n<\/div>\n<\/div>\n\n\n\n<div class=\"wp-block-column is-style-shadow has-background-background-color has-background is-layout-flow wp-container-core-column-is-layout-dba16a7e wp-block-column-is-layout-flow\" style=\"border-style:none;border-width:0px;padding-top:0;padding-right:0;padding-bottom:0;padding-left:0\">\n<div class=\"wp-block-group has-background-color has-primary-background-color has-text-color has-background has-global-padding is-layout-constrained wp-container-core-group-is-layout-4a803732 wp-block-group-is-layout-constrained\" style=\"border-top-left-radius:20px;border-top-right-radius:20px;padding-top:20px;padding-right:30px;padding-bottom:20px;padding-left:30px\">\n<div style=\"height:20px\" aria-hidden=\"true\" class=\"wp-block-spacer\"><\/div>\n\n\n\n<h3 class=\"wp-block-heading has-text-align-center has-white-color has-text-color\" style=\"font-size:clamp(18.959px, 1.185rem + ((1vw - 3.2px) * 1.15), 30px);\">Partner<\/h3>\n\n\n\n<div style=\"height:20px\" aria-hidden=\"true\" class=\"wp-block-spacer\"><\/div>\n<\/div>\n\n\n\n<div class=\"wp-block-group has-global-padding is-layout-constrained wp-container-core-group-is-layout-c1694ee5 wp-block-group-is-layout-constrained\" style=\"border-style:none;border-width:0px;padding-top:40px;padding-right:40px;padding-bottom:40px;padding-left:40px\">\n<p class=\"has-text-align-center has-small-font-size\">Sei un azienda e desideri contribuire alla progettazione delle attivit\u00e0. <\/p>\n\n\n\n<div class=\"wp-block-buttons is-horizontal is-content-justification-center is-layout-flex wp-container-core-buttons-is-layout-a27650bb wp-block-buttons-is-layout-flex\" style=\"margin-top:40px\">\n<div class=\"wp-block-button\"><a class=\"wp-block-button__link wp-element-button\" href=\"https:\/\/www.yachtcity.it\/?page_id=291\" style=\"border-radius:5px\">Scopri le Partnership<\/a><\/div>\n<\/div>\n<\/div>\n<\/div>\n<\/div>\n\n\n\n<div style=\"height:46px\" aria-hidden=\"true\" class=\"wp-block-spacer\"><\/div>\n<\/div>\n\n\n\n<div class=\"wp-block-cover alignfull\" style=\"min-height:164px;aspect-ratio:unset;\"><img fetchpriority=\"high\" decoding=\"async\" width=\"1024\" height=\"264\" class=\"wp-block-cover__image-background wp-image-94\" alt=\"\" src=\"https:\/\/www.yachtcity.it\/wp-content\/uploads\/2025\/03\/35_18-9-2023_1_39-scaled-1-edited-e1754417742147-1024x264.jpg\" data-object-fit=\"cover\" srcset=\"https:\/\/www.yachtcity.it\/wp-content\/uploads\/2025\/03\/35_18-9-2023_1_39-scaled-1-edited-e1754417742147-1024x264.jpg 1024w, https:\/\/www.yachtcity.it\/wp-content\/uploads\/2025\/03\/35_18-9-2023_1_39-scaled-1-edited-e1754417742147-300x77.jpg 300w, https:\/\/www.yachtcity.it\/wp-content\/uploads\/2025\/03\/35_18-9-2023_1_39-scaled-1-edited-e1754417742147-600x155.jpg 600w, https:\/\/www.yachtcity.it\/wp-content\/uploads\/2025\/03\/35_18-9-2023_1_39-scaled-1-edited-e1754417742147-1200x310.jpg 1200w, https:\/\/www.yachtcity.it\/wp-content\/uploads\/2025\/03\/35_18-9-2023_1_39-scaled-1-edited-e1754417742147-768x198.jpg 768w, https:\/\/www.yachtcity.it\/wp-content\/uploads\/2025\/03\/35_18-9-2023_1_39-scaled-1-edited-e1754417742147.jpg 1318w\" sizes=\"(max-width: 1024px) 100vw, 1024px\" \/><span aria-hidden=\"true\" class=\"wp-block-cover__background has-background-dim\"><\/span><div class=\"wp-block-cover__inner-container is-layout-flow wp-block-cover-is-layout-flow\">\n<p class=\"has-text-align-center has-large-font-size\"><\/p>\n<\/div><\/div>\n\n\n\n<h2 class=\"wp-block-heading has-text-align-center\"><mark style=\"background-color:rgba(0, 0, 0, 0)\" class=\"has-inline-color has-secondary-color\">Iscriviti alla Newsletter<\/mark><\/h2>\n\n\n\n<p>Iscrivendoti alla Newsletter rimarrai aggiornato agli eventi di networking, news di progetti formativi e opportunit\u00e0 da parte dei partners.<\/p>\n\n\n\n<p class=\"has-text-align-center\"><\/p>\n\n\n<div class=\"alignwide wp-block-mailchimp-mailchimp has-text-align-center\">\n\t\t<div class=\"mc_container\">\n\t\t\t\t<div id=\"mc_signup_559571fc89_8\">\n\t\t\t<form method=\"post\" action=\"#mc_signup_559571fc89_8\" id=\"mc_signup_form_559571fc89_8\" class=\"mc_signup_form\">\n\t\t\t\t<input type=\"hidden\" class=\"mc_submit_type\" name=\"mc_submit_type\" value=\"html\" \/>\n\t\t\t\t<input type=\"hidden\" name=\"mcsf_action\" value=\"mc_submit_signup_form\" \/>\n\t\t\t\t<input type=\"hidden\" name=\"mailchimp_sf_list_id\" value=\"559571fc89\" \/>\n\t\t\t\t<input type=\"hidden\" name=\"mailchimp_sf_update_existing_subscribers\" value=\"yes\" \/>\n\t\t\t\t<input type=\"hidden\" name=\"mailchimp_sf_double_opt_in\" value=\"no\" \/>\n\t\t\t\t<input type=\"hidden\" name=\"mailchimp_sf_skip_merge_validation\" value=\"no\" \/>\n\t\t\t\t<input type=\"hidden\" name=\"mailchimp_sf_hash\" value=\"a5dc2819a22e95ce06b89a14a7971d72\" \/>\n\t\t\t\t<input type=\"hidden\" id=\"_mc_submit_signup_form_nonce\" name=\"_mc_submit_signup_form_nonce\" value=\"1429ed54ee\" \/>\t\t\t\t<div class=\"mc_form_inside\">\n\t\t\t\t\t<div class=\"mc_message_wrapper\">\n\t\t\t\t\t\t\t\t\t\t\t<\/div>\n\n\t\t\t\t\t\n<div class=\"wp-block-mailchimp-mailchimp-form-field\">\n\t\n<div class=\"mc_merge_var\">\n\t\t<label for=\"mc_mv_EMAIL_1\" class=\"mc_var_label mc_header mc_header_email\">Email Address<span class=\"mc_required\">*<\/span><\/label>\n\t<input type=\"text\" size=\"18\" placeholder=\"\" name=\"mc_mv_EMAIL\" id=\"mc_mv_EMAIL_1\" class=\"mc_input\"\/>\n<\/div><!-- \/mc_merge_var --><\/div>\n\n\n<div class=\"wp-block-mailchimp-mailchimp-form-field\">\n\t<\/div>\n\n\n<div class=\"wp-block-mailchimp-mailchimp-form-field\">\n\t<\/div>\n\n\n<div class=\"wp-block-mailchimp-mailchimp-form-field\">\n\t\n<div class=\"mc_merge_var\">\n\t\t<label for=\"mc_mv_COMPANY_4\" class=\"mc_var_label mc_header mc_header_text\">Company<\/label>\n\t<input type=\"text\" size=\"18\" placeholder=\"\" name=\"mc_mv_COMPANY\" id=\"mc_mv_COMPANY_4\" class=\"mc_input\"\/>\n<\/div><!-- \/mc_merge_var --><\/div>\n\n\n<div class=\"wp-block-mailchimp-mailchimp-form-field\">\n\t\n<div class=\"mc_merge_var\">\n\t\t<label for=\"mc_mv_FNAME_5\" class=\"mc_var_label mc_header mc_header_text\">Nome<\/label>\n\t<input type=\"text\" size=\"18\" placeholder=\"\" name=\"mc_mv_FNAME\" id=\"mc_mv_FNAME_5\" class=\"mc_input\"\/>\n<\/div><!-- \/mc_merge_var --><\/div>\n\n\n<div class=\"wp-block-mailchimp-mailchimp-form-field\">\n\t\n<div class=\"mc_merge_var\">\n\t\t<label for=\"mc_mv_LNAME_6\" class=\"mc_var_label mc_header mc_header_text\">Cognome<\/label>\n\t<input type=\"text\" size=\"18\" placeholder=\"\" name=\"mc_mv_LNAME\" id=\"mc_mv_LNAME_6\" class=\"mc_input\"\/>\n<\/div><!-- \/mc_merge_var --><\/div>\n\n\n<div class=\"wp-block-mailchimp-mailchimp-form-field\">\n\t<\/div>\n\n\t\t\t\t\t\t<div class=\"mc-indicates-required\">\n\t\t\t\t\t\t\t* = required field\t\t\t\t\t\t<\/div><!-- \/mc-indicates-required -->\n\t\t\t\t\t\t\t<div style=\"display: none; !important\">\n\t\t<label for=\"mailchimp_sf_alt_email\">Alternative Email:<\/label>\n\t\t<input type=\"text\" name=\"mailchimp_sf_alt_email\" autocomplete=\"off\"\/>\n\t<\/div>\n\t<input type=\"hidden\" class=\"mailchimp_sf_no_js\" name=\"mailchimp_sf_no_js\" value=\"1\" \/>\n\t\t\t\t\t\t<div class=\"mc_signup_submit\">\n\t\t\t\t\t\t<input type=\"submit\" name=\"mc_signup_submit\" class=\"mc_signup_submit_button\" id=\"mc_signup_submit_559571fc89_8\" value=\"Iscriviti\" class=\"button\" \/>\n\t\t\t\t\t<\/div><!-- \/mc_signup_submit -->\n\n\t\t\t\t\t\t\t\t\t<\/div><!-- \/mc_form_inside -->\n\t\t\t<\/form><!-- \/mc_signup_form -->\n\t\t<\/div><!-- \/mc_signup_container -->\n\t<\/div><!-- \/mc_container -->\n<\/div>\n\n\n\n<p><\/p>\n","protected":false},"excerpt":{"rendered":"<p>significa accedere a un ecosistema esclusivo di relazioni, competenze e opportunit\u00e0. La nostra comunit\u00e0 \u00e8 composta da giovani talenti, professionisti affermati e figure di riferimento del panorama nautico internazionale. Un network dinamico e interdisciplinare, in cui architetti, designer, ingegneri e manager si incontrano per condividere esperienze, visioni e conoscenze. Essere Cittadini di Yacht City significa &hellip; <\/p>\n<p class=\"link-more\"><a href=\"https:\/\/www.yachtcity.it\/?page_id=307\" class=\"more-link\">Read more<span class=\"screen-reader-text\"> &#8220;Yacht City Community&#8221;<\/span><\/a><\/p>\n","protected":false},"author":2,"featured_media":0,"parent":0,"menu_order":0,"comment_status":"closed","ping_status":"closed","template":"","meta":{"footnotes":""},"class_list":["post-307","page","type-page","status-publish","hentry"],"featured_media_urls":[],"_links":{"self":[{"href":"https:\/\/www.yachtcity.it\/index.php?rest_route=\/wp\/v2\/pages\/307","targetHints":{"allow":["GET"]}}],"collection":[{"href":"https:\/\/www.yachtcity.it\/index.php?rest_route=\/wp\/v2\/pages"}],"about":[{"href":"https:\/\/www.yachtcity.it\/index.php?rest_route=\/wp\/v2\/types\/page"}],"author":[{"embeddable":true,"href":"https:\/\/www.yachtcity.it\/index.php?rest_route=\/wp\/v2\/users\/2"}],"replies":[{"embeddable":true,"href":"https:\/\/www.yachtcity.it\/index.php?rest_route=%2Fwp%2Fv2%2Fcomments&post=307"}],"version-history":[{"count":20,"href":"https:\/\/www.yachtcity.it\/index.php?rest_route=\/wp\/v2\/pages\/307\/revisions"}],"predecessor-version":[{"id":343,"href":"https:\/\/www.yachtcity.it\/index.php?rest_route=\/wp\/v2\/pages\/307\/revisions\/343"}],"wp:attachment":[{"href":"https:\/\/www.yachtcity.it\/index.php?rest_route=%2Fwp%2Fv2%2Fmedia&parent=307"}],"curies":[{"name":"wp","href":"https:\/\/api.w.org\/{rel}","templated":true}]}}