{"id":19,"date":"2025-03-28T11:22:47","date_gmt":"2025-03-28T10:22:47","guid":{"rendered":"https:\/\/www.yachtcity.it\/?page_id=19"},"modified":"2025-08-06T14:43:01","modified_gmt":"2025-08-06T12:43:01","slug":"chi-siamo","status":"publish","type":"page","link":"https:\/\/www.yachtcity.it\/?page_id=19","title":{"rendered":"Chi siamo"},"content":{"rendered":"\n<h2 class=\"wp-block-heading has-large-font-size\" id=\"inspiro-is-a-digital-product-agency-that-focuses-on-strategy-and-design\" style=\"font-style:normal;font-weight:100\"><strong>The capital of yachting: <mark style=\"background-color:rgba(0, 0, 0, 0)\" class=\"has-inline-color has-secondary-color\">Connection, Design, Excellence<\/mark><\/strong><\/h2>\n\n\n\n<div class=\"wp-block-group is-style-default has-light-background-background-color has-background has-global-padding is-layout-constrained wp-container-core-group-is-layout-02ab25f7 wp-block-group-is-layout-constrained\" style=\"padding-top:60px;padding-bottom:60px;padding-left:0\">\n<div class=\"wp-block-group has-global-padding is-layout-constrained wp-block-group-is-layout-constrained\">\n<div class=\"wp-block-columns is-layout-flex wp-container-core-columns-is-layout-d7d455e7 wp-block-columns-is-layout-flex\" style=\"padding-top:0;padding-right:0;padding-bottom:0;padding-left:0\">\n<div class=\"wp-block-column is-vertically-aligned-top is-layout-flow wp-block-column-is-layout-flow\" style=\"flex-basis:50%\">\n<figure class=\"wp-block-image alignright size-large\"><img fetchpriority=\"high\" decoding=\"async\" width=\"1024\" height=\"1024\" src=\"https:\/\/www.yachtcity.it\/wp-content\/uploads\/2025\/03\/YC_about-us-1024x1024.png\" alt=\"\" class=\"wp-image-70\" srcset=\"https:\/\/www.yachtcity.it\/wp-content\/uploads\/2025\/03\/YC_about-us-1024x1024.png 1024w, https:\/\/www.yachtcity.it\/wp-content\/uploads\/2025\/03\/YC_about-us-300x300.png 300w, https:\/\/www.yachtcity.it\/wp-content\/uploads\/2025\/03\/YC_about-us-150x150.png 150w, https:\/\/www.yachtcity.it\/wp-content\/uploads\/2025\/03\/YC_about-us.png 1080w\" sizes=\"(max-width: 1024px) 100vw, 1024px\" \/><\/figure>\n<\/div>\n\n\n\n<div class=\"wp-block-column is-vertically-aligned-center is-layout-flow wp-block-column-is-layout-flow\" style=\"padding-left:var(--wp--preset--spacing--80);flex-basis:50%\">\n<h2 class=\"wp-block-heading has-text-color\" style=\"color:#0bb4aa\">ABOUT US<\/h2>\n\n\n\n<h2 class=\"wp-block-heading has-large-font-size\">Nasce Yacht City<\/h2>\n\n\n\n<p>Yacht City nasce dalla storica collaborazione tra il Master di Yacht Design del POLI.Design (Consorzio del Politecnico di Milano) e Boat Show Television srl. Grazie a questa sinergia tra il prestigioso Master in Yacht Design e Yacht Design Magazine, abbiamo dato vita al primo luogo permanente in Europa interamente dedicato al futuro dello yachting, distinguendoci per connessione, design ed eccellenza. Strategicamente situata a Milano, citt\u00e0 internazionale simbolo di design e innovazione, Yacht City si afferma come il principale hub europeo di eccellenza e innovazione per la nautica da diporto.&nbsp;<\/p>\n<\/div>\n<\/div>\n<\/div>\n<\/div>\n\n\n\n<div class=\"wp-block-group alignfull has-background has-global-padding is-layout-constrained wp-block-group-is-layout-constrained\" style=\"background-color:#e5e9ec;padding-top:var(--wp--preset--spacing--small);padding-bottom:var(--wp--preset--spacing--small)\">\n<div class=\"wp-block-columns is-layout-flex wp-container-core-columns-is-layout-7db7aa3e wp-block-columns-is-layout-flex\" style=\"padding-right:0;padding-left:0\">\n<div class=\"wp-block-column is-vertically-aligned-center is-layout-flow wp-block-column-is-layout-flow\">\n<h2 class=\"wp-block-heading has-text-color\" style=\"color:#0bb4aa\">MISSION &amp; VISION<\/h2>\n\n\n\n<p class=\"has-text-align-left\">Yacht City nasce con l\u2019obiettivo di connettere e formare la nuova generazione di professionisti della nautica, attraverso un ecosistema unico in cui eccellenza formativa, innovazione progettuale e networking si incontrano.<br>Vogliamo essere il cuore pulsante dello yachting e del superyacht, un punto di riferimento internazionale dove design, connessioni e passione si fondono per generare opportunit\u00e0, promuovere la crescita continua e costruire una comunit\u00e0 dinamica composta da studenti, aziende e professionisti accomunati dall\u2019amore per il mare e per il progetto.<\/p>\n<\/div>\n\n\n\n<div class=\"wp-block-column is-layout-flow wp-block-column-is-layout-flow\">\n<figure class=\"wp-block-image alignright size-large is-resized\"><img decoding=\"async\" width=\"1024\" height=\"768\" src=\"https:\/\/www.yachtcity.it\/wp-content\/uploads\/2025\/03\/02.D_DETAIL-1024x768.jpg\" alt=\"\" class=\"wp-image-60\" style=\"width:449px;height:auto\" srcset=\"https:\/\/www.yachtcity.it\/wp-content\/uploads\/2025\/03\/02.D_DETAIL-1024x768.jpg 1024w, https:\/\/www.yachtcity.it\/wp-content\/uploads\/2025\/03\/02.D_DETAIL-300x225.jpg 300w, https:\/\/www.yachtcity.it\/wp-content\/uploads\/2025\/03\/02.D_DETAIL-2000x1500.jpg 2000w\" sizes=\"(max-width: 1024px) 100vw, 1024px\" \/><\/figure>\n<\/div>\n<\/div>\n<\/div>\n\n\n\n<div style=\"height:52px\" aria-hidden=\"true\" class=\"wp-block-spacer\"><\/div>\n\n\n\n<h2 class=\"wp-block-heading has-text-align-center has-text-color\" style=\"color:#0bb4aa\">I FONDATORI<\/h2>\n\n\n\n<div class=\"wp-block-columns is-layout-flex wp-container-core-columns-is-layout-28f84493 wp-block-columns-is-layout-flex\">\n<div class=\"wp-block-column is-layout-flow wp-block-column-is-layout-flow\">\n<h2 class=\"wp-block-heading\"><strong>Yacht Design Magazine <\/strong>&amp; The Boat Show<\/h2>\n<\/div>\n\n\n\n<div class=\"wp-block-column is-layout-flow wp-block-column-is-layout-flow\">\n<h2 class=\"wp-block-heading\"><strong>POLI.Design<\/strong><\/h2>\n<\/div>\n<\/div>\n\n\n\n<div class=\"wp-block-columns is-layout-flex wp-container-core-columns-is-layout-28f84493 wp-block-columns-is-layout-flex\">\n<div class=\"wp-block-column is-layout-flow wp-block-column-is-layout-flow\">\n<p><strong>Boat Show Television \u00e8 la principale media company in Italia<\/strong> nel settore dello yachting e dell&#8217;industria nautica. Riferimento nel mondo, Boat Show Television \u00e8 produttore di contenuti editoriali e video attraverso i canali social, You Tube e televisivi di the Boat Show, <em>Sailing Channel<\/em> e TBS Digital. <\/p>\n\n\n\n<p>La media company \u00e8 editrice della principale rivista internazionale nel settore nautico in tema di design e stile. <strong>Yacht Design Magazine <\/strong>\u00e8 una testata storica, luogo di dibattito per quanto riguarda la progettazione nella nautica da diporto. Nata come prodotto cartaceo \u00e8 ora una costellazione di media con diversi output in cui il dibattito sull&#8217;eccellenza e il design nella nautica \u00e8 sempre vivo. Una rivista che con la sua produzione \u00e8 in grado di anticipare e interpretare le tendenze del mercato segnando un percorso di innovazione. <\/p>\n<\/div>\n\n\n\n<div class=\"wp-block-column is-layout-flow wp-block-column-is-layout-flow\">\n<p>Insieme alla&nbsp;<strong>Scuola del Design del Politecnico di Milano<\/strong>&nbsp;e al&nbsp;<strong>Dipartimento di Design<\/strong>, POLI.design forma il&nbsp;<strong>Sistema Design del Politecnico<\/strong>. Si tratta un aggregato di risorse, competenze, strutture e laboratori, tra i pi\u00f9 importanti al mondo.<\/p>\n\n\n\n<p><strong>POLI.design \u00e8 la scuola post-graduate in Design del Politecnico di Milano&nbsp;<\/strong>che affianca e completa i percorsi curriculari della Scuola del Design, mirando a una formazione professionalizzante e a un inserimento efficace nei molti ambiti del lavoro in cui il designer oggi opera. Il Politecnico eroga da <strong>25 anni <\/strong>un <strong>Master universitario in Yacht Design <\/strong>che ha immesso nel settore circa <strong>700 professionisti <\/strong>che operano oggi nella cantieristica, negli studi di design e nell\u2019industria della subfornitura.&nbsp; Almeno 250 occupano ruoli di responsabilit\u00e0 nelle aziende di tutto il mondo.<\/p>\n<\/div>\n<\/div>\n\n\n\n<div class=\"wp-block-cover alignfull\" style=\"padding-top:50px;padding-right:50px;padding-bottom:50px;padding-left:50px;min-height:182px;aspect-ratio:unset;\"><img decoding=\"async\" width=\"2560\" height=\"1707\" class=\"wp-block-cover__image-background wp-image-68\" alt=\"\" src=\"https:\/\/www.yachtcity.it\/wp-content\/uploads\/2025\/03\/closeup-shot-white-rope-tied-wood-scaled.jpg\" data-object-fit=\"cover\" srcset=\"https:\/\/www.yachtcity.it\/wp-content\/uploads\/2025\/03\/closeup-shot-white-rope-tied-wood-scaled.jpg 2560w, https:\/\/www.yachtcity.it\/wp-content\/uploads\/2025\/03\/closeup-shot-white-rope-tied-wood-300x200.jpg 300w, https:\/\/www.yachtcity.it\/wp-content\/uploads\/2025\/03\/closeup-shot-white-rope-tied-wood-1024x683.jpg 1024w, https:\/\/www.yachtcity.it\/wp-content\/uploads\/2025\/03\/closeup-shot-white-rope-tied-wood-2000x1333.jpg 2000w\" sizes=\"(max-width: 2560px) 100vw, 2560px\" \/><span aria-hidden=\"true\" class=\"wp-block-cover__background has-black-background-color has-background-dim\"><\/span><div class=\"wp-block-cover__inner-container is-layout-flow wp-block-cover-is-layout-flow\">\n<p class=\"has-text-align-center has-large-font-size\">Fai la differenza<\/p>\n\n\n\n<div class=\"wp-block-buttons is-content-justification-center is-layout-flex wp-container-core-buttons-is-layout-a89b3969 wp-block-buttons-is-layout-flex\">\n<div class=\"wp-block-button\"><a class=\"wp-block-button__link wp-element-button\" href=\"https:\/\/www.yachtcity.it\/?page_id=291\">DIVENTA PARTNER<\/a><\/div>\n\n\n\n<div class=\"wp-block-button\"><a class=\"wp-block-button__link wp-element-button\" href=\"https:\/\/www.yachtcity.it\/?page_id=307\">ENRTA NELLA COMUNITY<\/a><\/div>\n<\/div>\n<\/div><\/div>\n\n\n\n<div id=\"team\" class=\"wp-block-group has-global-padding is-layout-constrained wp-block-group-is-layout-constrained\">\n<div class=\"wp-block-group is-layout-flow wp-block-group-is-layout-flow\">\n<div style=\"height:40px\" aria-hidden=\"true\" class=\"wp-block-spacer\"><\/div>\n\n\n\n<h2 class=\"wp-block-heading has-text-align-center has-text-color\" style=\"color:#0bb4aa\">IL NOSTRO TEAM<\/h2>\n\n\n\n<div style=\"height:22px\" aria-hidden=\"true\" class=\"wp-block-spacer\"><\/div>\n\n\n\n<div style=\"height:0px\" aria-hidden=\"true\" class=\"wp-block-spacer\"><\/div>\n\n\n\n<div class=\"wp-block-columns is-layout-flex wp-container-core-columns-is-layout-28f84493 wp-block-columns-is-layout-flex\">\n<div class=\"wp-block-column is-style-default is-layout-flow wp-block-column-is-layout-flow\" style=\"border-style:none;border-width:0px;padding-top:0;padding-right:0;padding-bottom:0;padding-left:0\">\n<figure class=\"wp-block-image size-full is-style-default\"><img loading=\"lazy\" decoding=\"async\" width=\"1414\" height=\"1885\" src=\"https:\/\/www.yachtcity.it\/wp-content\/uploads\/2025\/04\/Ratti-1-edited.jpg\" alt=\"\" class=\"wp-image-158\" srcset=\"https:\/\/www.yachtcity.it\/wp-content\/uploads\/2025\/04\/Ratti-1-edited.jpg 1414w, https:\/\/www.yachtcity.it\/wp-content\/uploads\/2025\/04\/Ratti-1-edited-225x300.jpg 225w, https:\/\/www.yachtcity.it\/wp-content\/uploads\/2025\/04\/Ratti-1-edited-768x1024.jpg 768w\" sizes=\"(max-width: 1414px) 100vw, 1414px\" \/><\/figure>\n\n\n\n<h3 class=\"wp-block-heading\">Andrea Ratti<\/h3>\n\n\n\n<p>Direttore Scientifico<\/p>\n\n\n\n<p>Andrea Ratti \u00e8 professore associato del Politecnico di Milano, direttore della formazione dei Master in Yacht Design e vice direttore dell&#8217;Executive Course in Interior <br>Yacht Design. <\/p>\n\n\n\n<ul class=\"wp-block-social-links has-icon-color is-style-logos-only is-layout-flex wp-container-core-social-links-is-layout-327fadc6 wp-block-social-links-is-layout-flex\"><li style=\"color:currentColor;\" class=\"wp-social-link wp-social-link-linkedin has-primary-color wp-block-social-link\"><a href=\"#\" class=\"wp-block-social-link-anchor\"><svg width=\"24\" height=\"24\" viewBox=\"0 0 24 24\" version=\"1.1\" xmlns=\"http:\/\/www.w3.org\/2000\/svg\" aria-hidden=\"true\" focusable=\"false\"><path d=\"M19.7,3H4.3C3.582,3,3,3.582,3,4.3v15.4C3,20.418,3.582,21,4.3,21h15.4c0.718,0,1.3-0.582,1.3-1.3V4.3 C21,3.582,20.418,3,19.7,3z M8.339,18.338H5.667v-8.59h2.672V18.338z M7.004,8.574c-0.857,0-1.549-0.694-1.549-1.548 c0-0.855,0.691-1.548,1.549-1.548c0.854,0,1.547,0.694,1.547,1.548C8.551,7.881,7.858,8.574,7.004,8.574z M18.339,18.338h-2.669 v-4.177c0-0.996-0.017-2.278-1.387-2.278c-1.389,0-1.601,1.086-1.601,2.206v4.249h-2.667v-8.59h2.559v1.174h0.037 c0.356-0.675,1.227-1.387,2.526-1.387c2.703,0,3.203,1.779,3.203,4.092V18.338z\"><\/path><\/svg><span class=\"wp-block-social-link-label screen-reader-text\">LinkedIn<\/span><\/a><\/li><\/ul>\n<\/div>\n\n\n\n<div class=\"wp-block-column is-style-default is-layout-flow wp-block-column-is-layout-flow\" style=\"border-style:none;border-width:0px;padding-top:0;padding-right:0;padding-bottom:0;padding-left:0\">\n<figure class=\"wp-block-gallery has-nested-images columns-default is-cropped wp-block-gallery-1 is-layout-flex wp-block-gallery-is-layout-flex\">\n<figure class=\"wp-block-image aligncenter size-full\"><img loading=\"lazy\" decoding=\"async\" width=\"1920\" height=\"2560\" data-id=\"159\" src=\"https:\/\/www.yachtcity.it\/wp-content\/uploads\/2025\/04\/Vettese-Antonio_RB22cb_077502-ridrid-2-edited-scaled.jpg\" alt=\"\" class=\"wp-image-159\" srcset=\"https:\/\/www.yachtcity.it\/wp-content\/uploads\/2025\/04\/Vettese-Antonio_RB22cb_077502-ridrid-2-edited-scaled.jpg 1920w, https:\/\/www.yachtcity.it\/wp-content\/uploads\/2025\/04\/Vettese-Antonio_RB22cb_077502-ridrid-2-edited-225x300.jpg 225w, https:\/\/www.yachtcity.it\/wp-content\/uploads\/2025\/04\/Vettese-Antonio_RB22cb_077502-ridrid-2-edited-768x1024.jpg 768w\" sizes=\"(max-width: 1920px) 100vw, 1920px\" \/><\/figure>\n<\/figure>\n\n\n\n<h3 class=\"wp-block-heading\">Antonio Vettese<\/h3>\n\n\n\n<p>Direttore Scientifico<\/p>\n\n\n\n<p>Antonio Vettese \u00e8 direttore responsabile di Yacht Design Magazine <br>e senior contributor di The Boat Show e Sailing Channel. Ha ideato la Italian Yacht Design Conference.  <\/p>\n\n\n\n<ul class=\"wp-block-social-links has-icon-color is-style-logos-only is-layout-flex wp-container-core-social-links-is-layout-5f86147d wp-block-social-links-is-layout-flex\"><li style=\"color:currentColor;\" class=\"wp-social-link wp-social-link-linkedin has-primary-color wp-block-social-link\"><a href=\"https:\/\/www.linkedin.com\/in\/antonio-vettese-12178719\/\" class=\"wp-block-social-link-anchor\"><svg width=\"24\" height=\"24\" viewBox=\"0 0 24 24\" version=\"1.1\" xmlns=\"http:\/\/www.w3.org\/2000\/svg\" aria-hidden=\"true\" focusable=\"false\"><path d=\"M19.7,3H4.3C3.582,3,3,3.582,3,4.3v15.4C3,20.418,3.582,21,4.3,21h15.4c0.718,0,1.3-0.582,1.3-1.3V4.3 C21,3.582,20.418,3,19.7,3z M8.339,18.338H5.667v-8.59h2.672V18.338z M7.004,8.574c-0.857,0-1.549-0.694-1.549-1.548 c0-0.855,0.691-1.548,1.549-1.548c0.854,0,1.547,0.694,1.547,1.548C8.551,7.881,7.858,8.574,7.004,8.574z M18.339,18.338h-2.669 v-4.177c0-0.996-0.017-2.278-1.387-2.278c-1.389,0-1.601,1.086-1.601,2.206v4.249h-2.667v-8.59h2.559v1.174h0.037 c0.356-0.675,1.227-1.387,2.526-1.387c2.703,0,3.203,1.779,3.203,4.092V18.338z\"><\/path><\/svg><span class=\"wp-block-social-link-label screen-reader-text\">LinkedIn<\/span><\/a><\/li><\/ul>\n<\/div>\n\n\n\n<div class=\"wp-block-column is-style-default is-layout-flow wp-block-column-is-layout-flow\" style=\"border-style:none;border-width:0px;padding-top:0;padding-right:0;padding-bottom:0;padding-left:0\">\n<figure class=\"wp-block-image size-full\"><img loading=\"lazy\" decoding=\"async\" width=\"1414\" height=\"1885\" src=\"https:\/\/www.yachtcity.it\/wp-content\/uploads\/2025\/04\/Arianna-edited.jpg\" alt=\"\" class=\"wp-image-161\" srcset=\"https:\/\/www.yachtcity.it\/wp-content\/uploads\/2025\/04\/Arianna-edited.jpg 1414w, https:\/\/www.yachtcity.it\/wp-content\/uploads\/2025\/04\/Arianna-edited-225x300.jpg 225w, https:\/\/www.yachtcity.it\/wp-content\/uploads\/2025\/04\/Arianna-edited-768x1024.jpg 768w\" sizes=\"(max-width: 1414px) 100vw, 1414px\" \/><\/figure>\n\n\n\n<h3 class=\"wp-block-heading\">Arianna Bionda<\/h3>\n\n\n\n<p>Coordinamento Formazione<\/p>\n\n\n\n<p>Arianna Bionda \u00e8 professoressa del Politecnico di Milano, direttrice del Master in Executive Course in Interior Yacht Design e vicedirettore del master in Yacht Design.<\/p>\n\n\n\n<ul class=\"wp-block-social-links has-icon-color is-style-logos-only is-layout-flex wp-container-core-social-links-is-layout-5f86147d wp-block-social-links-is-layout-flex\"><\/ul>\n<\/div>\n\n\n\n<div class=\"wp-block-column is-style-default is-layout-flow wp-block-column-is-layout-flow\" style=\"border-style:none;border-width:0px;padding-top:0;padding-right:0;padding-bottom:0;padding-left:0\">\n<figure class=\"wp-block-image size-full\"><img loading=\"lazy\" decoding=\"async\" width=\"768\" height=\"1024\" src=\"https:\/\/www.yachtcity.it\/wp-content\/uploads\/2025\/04\/stefano-pozzi.png\" alt=\"\" class=\"wp-image-216\" srcset=\"https:\/\/www.yachtcity.it\/wp-content\/uploads\/2025\/04\/stefano-pozzi.png 768w, https:\/\/www.yachtcity.it\/wp-content\/uploads\/2025\/04\/stefano-pozzi-225x300.png 225w\" sizes=\"(max-width: 768px) 100vw, 768px\" \/><\/figure>\n\n\n\n<h3 class=\"wp-block-heading\">Stefano Pozzi<\/h3>\n\n\n\n<p>Coordinamento di Yacht City<\/p>\n\n\n\n<p>Stefano Pozzi, Yacht Designer e Naval Architect, coordina le attivit\u00e0 ed i progetti di Yacht City. Ha una esperienza specifica dopo aver collaborato con diverse aziende. <\/p>\n\n\n\n<ul class=\"wp-block-social-links has-icon-color is-style-logos-only is-layout-flex wp-block-social-links-is-layout-flex\"><li style=\"color:currentColor;\" class=\"wp-social-link wp-social-link-linkedin has-primary-color wp-block-social-link\"><a href=\"#\" class=\"wp-block-social-link-anchor\"><svg width=\"24\" height=\"24\" viewBox=\"0 0 24 24\" version=\"1.1\" xmlns=\"http:\/\/www.w3.org\/2000\/svg\" aria-hidden=\"true\" focusable=\"false\"><path d=\"M19.7,3H4.3C3.582,3,3,3.582,3,4.3v15.4C3,20.418,3.582,21,4.3,21h15.4c0.718,0,1.3-0.582,1.3-1.3V4.3 C21,3.582,20.418,3,19.7,3z M8.339,18.338H5.667v-8.59h2.672V18.338z M7.004,8.574c-0.857,0-1.549-0.694-1.549-1.548 c0-0.855,0.691-1.548,1.549-1.548c0.854,0,1.547,0.694,1.547,1.548C8.551,7.881,7.858,8.574,7.004,8.574z M18.339,18.338h-2.669 v-4.177c0-0.996-0.017-2.278-1.387-2.278c-1.389,0-1.601,1.086-1.601,2.206v4.249h-2.667v-8.59h2.559v1.174h0.037 c0.356-0.675,1.227-1.387,2.526-1.387c2.703,0,3.203,1.779,3.203,4.092V18.338z\"><\/path><\/svg><span class=\"wp-block-social-link-label screen-reader-text\">LinkedIn<\/span><\/a><\/li><\/ul>\n<\/div>\n<\/div>\n<\/div>\n<\/div>\n\n\n\n<p><\/p>\n","protected":false},"excerpt":{"rendered":"<p>The capital of yachting: Connection, Design, Excellence ABOUT US Nasce Yacht City Yacht City nasce dalla storica collaborazione tra il Master di Yacht Design del POLI.Design (Consorzio del Politecnico di Milano) e Boat Show Television srl. Grazie a questa sinergia tra il prestigioso Master in Yacht Design e Yacht Design Magazine, abbiamo dato vita al &hellip; <\/p>\n<p class=\"link-more\"><a href=\"https:\/\/www.yachtcity.it\/?page_id=19\" class=\"more-link\">Read more<span class=\"screen-reader-text\"> &#8220;Chi siamo&#8221;<\/span><\/a><\/p>\n","protected":false},"author":2,"featured_media":16,"parent":0,"menu_order":0,"comment_status":"closed","ping_status":"closed","template":"","meta":{"footnotes":""},"class_list":["post-19","page","type-page","status-publish","has-post-thumbnail","hentry"],"featured_media_urls":{"thumbnail":["https:\/\/www.yachtcity.it\/wp-content\/uploads\/2025\/03\/StockSnap_M6D1GS9PSL-150x150.jpg",150,150,true],"medium":["https:\/\/www.yachtcity.it\/wp-content\/uploads\/2025\/03\/StockSnap_M6D1GS9PSL-300x198.jpg",300,198,true],"medium_large":["https:\/\/www.yachtcity.it\/wp-content\/uploads\/2025\/03\/StockSnap_M6D1GS9PSL.jpg",768,506,false],"large":["https:\/\/www.yachtcity.it\/wp-content\/uploads\/2025\/03\/StockSnap_M6D1GS9PSL-1024x674.jpg",950,625,true],"1536x1536":["https:\/\/www.yachtcity.it\/wp-content\/uploads\/2025\/03\/StockSnap_M6D1GS9PSL-1536x1011.jpg",1536,1011,true],"2048x2048":["https:\/\/www.yachtcity.it\/wp-content\/uploads\/2025\/03\/StockSnap_M6D1GS9PSL.jpg",2000,1317,false],"inspiro-featured-image":["https:\/\/www.yachtcity.it\/wp-content\/uploads\/2025\/03\/StockSnap_M6D1GS9PSL.jpg",2000,1317,false],"inspiro-loop":["https:\/\/www.yachtcity.it\/wp-content\/uploads\/2025\/03\/StockSnap_M6D1GS9PSL-950x320.jpg",950,320,true],"inspiro-loop@2x":["https:\/\/www.yachtcity.it\/wp-content\/uploads\/2025\/03\/StockSnap_M6D1GS9PSL-1900x640.jpg",1900,640,true],"portfolio_item-thumbnail":["https:\/\/www.yachtcity.it\/wp-content\/uploads\/2025\/03\/StockSnap_M6D1GS9PSL-600x400.jpg",600,400,true],"portfolio_item-thumbnail@2x":["https:\/\/www.yachtcity.it\/wp-content\/uploads\/2025\/03\/StockSnap_M6D1GS9PSL-1200x800.jpg",1200,800,true],"portfolio_item-masonry":["https:\/\/www.yachtcity.it\/wp-content\/uploads\/2025\/03\/StockSnap_M6D1GS9PSL-600x395.jpg",600,395,true],"portfolio_item-masonry@2x":["https:\/\/www.yachtcity.it\/wp-content\/uploads\/2025\/03\/StockSnap_M6D1GS9PSL-1200x790.jpg",1200,790,true],"portfolio_item-thumbnail_cinema":["https:\/\/www.yachtcity.it\/wp-content\/uploads\/2025\/03\/StockSnap_M6D1GS9PSL-800x335.jpg",800,335,true],"portfolio_item-thumbnail_portrait":["https:\/\/www.yachtcity.it\/wp-content\/uploads\/2025\/03\/StockSnap_M6D1GS9PSL-600x900.jpg",600,900,true],"portfolio_item-thumbnail_portrait@2x":["https:\/\/www.yachtcity.it\/wp-content\/uploads\/2025\/03\/StockSnap_M6D1GS9PSL-1200x1317.jpg",1200,1317,true],"portfolio_item-thumbnail_square":["https:\/\/www.yachtcity.it\/wp-content\/uploads\/2025\/03\/StockSnap_M6D1GS9PSL-800x800.jpg",800,800,true]},"_links":{"self":[{"href":"https:\/\/www.yachtcity.it\/index.php?rest_route=\/wp\/v2\/pages\/19","targetHints":{"allow":["GET"]}}],"collection":[{"href":"https:\/\/www.yachtcity.it\/index.php?rest_route=\/wp\/v2\/pages"}],"about":[{"href":"https:\/\/www.yachtcity.it\/index.php?rest_route=\/wp\/v2\/types\/page"}],"author":[{"embeddable":true,"href":"https:\/\/www.yachtcity.it\/index.php?rest_route=\/wp\/v2\/users\/2"}],"replies":[{"embeddable":true,"href":"https:\/\/www.yachtcity.it\/index.php?rest_route=%2Fwp%2Fv2%2Fcomments&post=19"}],"version-history":[{"count":24,"href":"https:\/\/www.yachtcity.it\/index.php?rest_route=\/wp\/v2\/pages\/19\/revisions"}],"predecessor-version":[{"id":342,"href":"https:\/\/www.yachtcity.it\/index.php?rest_route=\/wp\/v2\/pages\/19\/revisions\/342"}],"wp:featuredmedia":[{"embeddable":true,"href":"https:\/\/www.yachtcity.it\/index.php?rest_route=\/wp\/v2\/media\/16"}],"wp:attachment":[{"href":"https:\/\/www.yachtcity.it\/index.php?rest_route=%2Fwp%2Fv2%2Fmedia&parent=19"}],"curies":[{"name":"wp","href":"https:\/\/api.w.org\/{rel}","templated":true}]}}